{"id":2,"date":"2025-05-06T11:33:25","date_gmt":"2025-05-06T11:33:25","guid":{"rendered":"https:\/\/www.skolunkan.se\/?page_id=2"},"modified":"2025-05-07T20:11:10","modified_gmt":"2025-05-07T20:11:10","slug":"sample-page","status":"publish","type":"page","link":"https:\/\/www.skolunkan.se\/en\/","title":{"rendered":"Skolunkan"},"content":{"rendered":"<p>A little meeting place in an old shoe shop \u2022 A non-profit association which creates meetings<\/p>\n\n\n\n<p class=\"has-medium-font-size\">\u00d6sterv\u00e5la, Sweden<\/p>\n\n\n\n<figure class=\"wp-block-image size-large\"><img loading=\"lazy\" decoding=\"async\" width=\"1024\" height=\"576\" src=\"https:\/\/www.skolunkan.se\/wp-content\/uploads\/2025\/05\/SkolunkanNight-1024x576.jpg\" alt=\"\" class=\"wp-image-40\" srcset=\"https:\/\/www.skolunkan.se\/wp-content\/uploads\/2025\/05\/SkolunkanNight-1024x576.jpg 1024w, https:\/\/www.skolunkan.se\/wp-content\/uploads\/2025\/05\/SkolunkanNight-300x169.jpg 300w, https:\/\/www.skolunkan.se\/wp-content\/uploads\/2025\/05\/SkolunkanNight-768x432.jpg 768w, https:\/\/www.skolunkan.se\/wp-content\/uploads\/2025\/05\/SkolunkanNight-1536x864.jpg 1536w, https:\/\/www.skolunkan.se\/wp-content\/uploads\/2025\/05\/SkolunkanNight-2048x1152.jpg 2048w, https:\/\/www.skolunkan.se\/wp-content\/uploads\/2025\/05\/SkolunkanNight-18x10.jpg 18w\" sizes=\"auto, (max-width: 1024px) 100vw, 1024px\" \/><\/figure>\n\n\n\n<p class=\"has-text-align-left has-large-font-size\">For three generations, the people of \u00d6sterv\u00e5la walked in Lundqvist's shoes. Then in 2015, Skolunkan shut its doors as a shoe shop.<\/p>\n\n\n\n<p class=\"has-text-align-left has-large-font-size\">In the middle of the pandemic, Anna, Alfie and Dougald moved to \u00d6sterv\u00e5la. Since then we've renovated the old shoe shop and started inviting people in for all kinds of meetings and cultural events.<\/p>\n\n\n\n<p class=\"has-text-align-left has-large-font-size\">Our passion is to contribute to a living culture that is rooted in hospitality and the conversations that happen around the kitchen table, where we bring together our neighbours and guests from near and far. In 2025, we founded Skolunkans Kulturmakeri as a non-profit association in order to journey further into this adventure.<\/p>\n\n\n\n<div class=\"wp-block-buttons is-content-justification-left is-layout-flex wp-container-core-buttons-is-layout-354d1fbf wp-block-buttons-is-layout-flex\" style=\"padding-top:var(--wp--preset--spacing--30);padding-bottom:var(--wp--preset--spacing--30)\">\n<div class=\"wp-block-button\"><a class=\"wp-block-button__link has-accent-3-background-color has-background has-text-align-left wp-element-button\" href=\"\/en\/om-foreningen\/\"><strong>READ MORE ABOUT THE ASSOCIATION<\/strong><\/a><\/div>\n<\/div>\n\n\n\n<hr class=\"wp-block-separator has-alpha-channel-opacity is-style-wide is-style-wide--1\"\/>\n\n\n\n<h2 class=\"wp-block-heading has-text-align-left\" style=\"padding-top:var(--wp--preset--spacing--30);padding-bottom:var(--wp--preset--spacing--30)\">SEE THE FILM ABOUT SKOLUNKAN<\/h2>\n\n\n\n<p>In June 2024, Campfire Stories released a short documentary by the director Mattias Olsson which follows our journey.<\/p>\n\n\n\n<figure class=\"wp-block-embed is-type-video is-provider-youtube wp-block-embed-youtube wp-embed-aspect-16-9 wp-has-aspect-ratio\"><div class=\"wp-block-embed__wrapper\">\n<iframe loading=\"lazy\" title=\"How an Abandoned Shoe Shop Became a Sanctuary for Culture and Connection\" width=\"500\" height=\"281\" src=\"https:\/\/www.youtube.com\/embed\/98_k6w-vAe4?feature=oembed\" frameborder=\"0\" allow=\"accelerometer; autoplay; clipboard-write; encrypted-media; gyroscope; picture-in-picture; web-share\" referrerpolicy=\"strict-origin-when-cross-origin\" allowfullscreen><\/iframe>\n<\/div><\/figure>\n\n\n\n<hr class=\"wp-block-separator has-alpha-channel-opacity is-style-wide is-style-wide--2\"\/>\n\n\n\n<h2 class=\"wp-block-heading has-text-align-left\" style=\"padding-top:var(--wp--preset--spacing--30);padding-bottom:var(--wp--preset--spacing--30)\">PAST EVENTS<\/h2>\n\n\n\n<p>We open our doors for public events with writers, musicians and artists who are visiting us.<\/p>\n\n\n\n<figure class=\"wp-block-gallery aligncenter has-nested-images columns-2 is-cropped wp-block-gallery-3 is-layout-flex wp-block-gallery-is-layout-flex\">\n<figure class=\"wp-block-image size-large\"><img loading=\"lazy\" decoding=\"async\" width=\"1024\" height=\"724\" data-id=\"16\" src=\"https:\/\/www.skolunkan.se\/wp-content\/uploads\/2025\/05\/SARAH-POSTER-1-1024x724.jpg\" alt=\"\" class=\"wp-image-16\" srcset=\"https:\/\/www.skolunkan.se\/wp-content\/uploads\/2025\/05\/SARAH-POSTER-1-1024x724.jpg 1024w, https:\/\/www.skolunkan.se\/wp-content\/uploads\/2025\/05\/SARAH-POSTER-1-300x212.jpg 300w, https:\/\/www.skolunkan.se\/wp-content\/uploads\/2025\/05\/SARAH-POSTER-1-768x543.jpg 768w, https:\/\/www.skolunkan.se\/wp-content\/uploads\/2025\/05\/SARAH-POSTER-1-1536x1086.jpg 1536w, https:\/\/www.skolunkan.se\/wp-content\/uploads\/2025\/05\/SARAH-POSTER-1-18x12.jpg 18w, https:\/\/www.skolunkan.se\/wp-content\/uploads\/2025\/05\/SARAH-POSTER-1.jpg 2000w\" sizes=\"auto, (max-width: 1024px) 100vw, 1024px\" \/><\/figure>\n\n\n\n<figure class=\"wp-block-image size-large\"><img loading=\"lazy\" decoding=\"async\" width=\"1024\" height=\"724\" data-id=\"14\" src=\"https:\/\/www.skolunkan.se\/wp-content\/uploads\/2025\/05\/DBB-1024x724.jpg\" alt=\"\" class=\"wp-image-14\" srcset=\"https:\/\/www.skolunkan.se\/wp-content\/uploads\/2025\/05\/DBB-1024x724.jpg 1024w, https:\/\/www.skolunkan.se\/wp-content\/uploads\/2025\/05\/DBB-300x212.jpg 300w, https:\/\/www.skolunkan.se\/wp-content\/uploads\/2025\/05\/DBB-768x543.jpg 768w, https:\/\/www.skolunkan.se\/wp-content\/uploads\/2025\/05\/DBB-1536x1086.jpg 1536w, https:\/\/www.skolunkan.se\/wp-content\/uploads\/2025\/05\/DBB-18x12.jpg 18w, https:\/\/www.skolunkan.se\/wp-content\/uploads\/2025\/05\/DBB.jpg 2000w\" sizes=\"auto, (max-width: 1024px) 100vw, 1024px\" \/><\/figure>\n\n\n\n<figure class=\"wp-block-image size-large\"><img loading=\"lazy\" decoding=\"async\" width=\"1024\" height=\"724\" data-id=\"18\" src=\"https:\/\/www.skolunkan.se\/wp-content\/uploads\/2025\/05\/CARO-poster-Swedish-1-1024x724.jpg\" alt=\"\" class=\"wp-image-18\" srcset=\"https:\/\/www.skolunkan.se\/wp-content\/uploads\/2025\/05\/CARO-poster-Swedish-1-1024x724.jpg 1024w, https:\/\/www.skolunkan.se\/wp-content\/uploads\/2025\/05\/CARO-poster-Swedish-1-300x212.jpg 300w, https:\/\/www.skolunkan.se\/wp-content\/uploads\/2025\/05\/CARO-poster-Swedish-1-768x543.jpg 768w, https:\/\/www.skolunkan.se\/wp-content\/uploads\/2025\/05\/CARO-poster-Swedish-1-1536x1086.jpg 1536w, https:\/\/www.skolunkan.se\/wp-content\/uploads\/2025\/05\/CARO-poster-Swedish-1-18x12.jpg 18w, https:\/\/www.skolunkan.se\/wp-content\/uploads\/2025\/05\/CARO-poster-Swedish-1.jpg 2000w\" sizes=\"auto, (max-width: 1024px) 100vw, 1024px\" \/><\/figure>\n\n\n\n<figure class=\"wp-block-image size-large\"><img loading=\"lazy\" decoding=\"async\" width=\"1024\" height=\"724\" data-id=\"15\" src=\"https:\/\/www.skolunkan.se\/wp-content\/uploads\/2025\/05\/AVTRYCK_poster-1-1024x724.jpg\" alt=\"\" class=\"wp-image-15\" srcset=\"https:\/\/www.skolunkan.se\/wp-content\/uploads\/2025\/05\/AVTRYCK_poster-1-1024x724.jpg 1024w, https:\/\/www.skolunkan.se\/wp-content\/uploads\/2025\/05\/AVTRYCK_poster-1-300x212.jpg 300w, https:\/\/www.skolunkan.se\/wp-content\/uploads\/2025\/05\/AVTRYCK_poster-1-768x543.jpg 768w, https:\/\/www.skolunkan.se\/wp-content\/uploads\/2025\/05\/AVTRYCK_poster-1-1536x1086.jpg 1536w, https:\/\/www.skolunkan.se\/wp-content\/uploads\/2025\/05\/AVTRYCK_poster-1-18x12.jpg 18w, https:\/\/www.skolunkan.se\/wp-content\/uploads\/2025\/05\/AVTRYCK_poster-1.jpg 2000w\" sizes=\"auto, (max-width: 1024px) 100vw, 1024px\" \/><\/figure>\n<\/figure>\n\n\n\n<p><\/p>","protected":false},"excerpt":{"rendered":"<p>En liten m\u00f6tesplats i en gammal skoaff\u00e4r \u2022 En ideell f\u00f6rening som skapar m\u00f6ten \u00d6sterv\u00e5la, Norduppland I tre generationer gick \u00d6sterv\u00e5labor i Lundqvists skor. 2015 st\u00e4ngdes Skolunkan som skoaff\u00e4r. Mitt under pandemin flyttade Anna, Alfie &amp; Dougald till \u00d6sterv\u00e5la. Sedan dess har vi gjort om den gamla skoaff\u00e4ren och b\u00f6rjat bjuda in till olika sorts [&hellip;]<\/p>","protected":false},"author":1,"featured_media":0,"parent":0,"menu_order":0,"comment_status":"closed","ping_status":"open","template":"","meta":{"footnotes":""},"class_list":["post-2","page","type-page","status-publish","hentry"],"_links":{"self":[{"href":"https:\/\/www.skolunkan.se\/en\/wp-json\/wp\/v2\/pages\/2","targetHints":{"allow":["GET"]}}],"collection":[{"href":"https:\/\/www.skolunkan.se\/en\/wp-json\/wp\/v2\/pages"}],"about":[{"href":"https:\/\/www.skolunkan.se\/en\/wp-json\/wp\/v2\/types\/page"}],"author":[{"embeddable":true,"href":"https:\/\/www.skolunkan.se\/en\/wp-json\/wp\/v2\/users\/1"}],"replies":[{"embeddable":true,"href":"https:\/\/www.skolunkan.se\/en\/wp-json\/wp\/v2\/comments?post=2"}],"version-history":[{"count":10,"href":"https:\/\/www.skolunkan.se\/en\/wp-json\/wp\/v2\/pages\/2\/revisions"}],"predecessor-version":[{"id":71,"href":"https:\/\/www.skolunkan.se\/en\/wp-json\/wp\/v2\/pages\/2\/revisions\/71"}],"wp:attachment":[{"href":"https:\/\/www.skolunkan.se\/en\/wp-json\/wp\/v2\/media?parent=2"}],"curies":[{"name":"wp","href":"https:\/\/api.w.org\/{rel}","templated":true}]}}